{"id":93,"date":"2023-05-10T19:58:44","date_gmt":"2023-05-10T17:58:44","guid":{"rendered":"https:\/\/lesvillasduportdelaguittiere.wordpress.com\/contact\/"},"modified":"2023-06-23T13:28:24","modified_gmt":"2023-06-23T11:28:24","slug":"contact","status":"publish","type":"page","link":"https:\/\/villas-du-port-de-la-guittiere.com\/index.php\/contact\/","title":{"rendered":"Contact"},"content":{"rendered":"\n<div class=\"wp-block-nk-awb nk-awb alignfull\"><div class=\"nk-awb-wrap\" data-awb-type=\"image\" data-awb-parallax=\"scroll\" data-awb-parallax-speed=\"2\" data-awb-parallax-mobile=\"false\" data-awb-image-background-size=\"contain\" data-awb-image-background-position=\"63% 97%\"><div class=\"nk-awb-inner\" style=\"opacity: 0.25;\"><img decoding=\"async\" loading=\"lazy\" src=\"https:\/\/villas-du-port-de-la-guittiere.com\/wp-content\/uploads\/2023\/06\/Design-sans-titre-2.png\" class=\"wp-image-1021 jarallax-img\" width=\"1080\" height=\"1920\" srcset=\"https:\/\/villas-du-port-de-la-guittiere.com\/wp-content\/uploads\/2023\/06\/Design-sans-titre-2.png 1080w, https:\/\/villas-du-port-de-la-guittiere.com\/wp-content\/uploads\/2023\/06\/Design-sans-titre-2-169x300.png 169w, https:\/\/villas-du-port-de-la-guittiere.com\/wp-content\/uploads\/2023\/06\/Design-sans-titre-2-900x1600.png 900w, https:\/\/villas-du-port-de-la-guittiere.com\/wp-content\/uploads\/2023\/06\/Design-sans-titre-2-768x1365.png 768w, https:\/\/villas-du-port-de-la-guittiere.com\/wp-content\/uploads\/2023\/06\/Design-sans-titre-2-500x889.png 500w, https:\/\/villas-du-port-de-la-guittiere.com\/wp-content\/uploads\/2023\/06\/Design-sans-titre-2-864x1536.png 864w, https:\/\/villas-du-port-de-la-guittiere.com\/wp-content\/uploads\/2023\/06\/Design-sans-titre-2-800x1422.png 800w\" sizes=\"(max-width: 1080px) 100vw, 1080px\" \/><\/div><\/div><div class=\"nk-awb-wrap-content is-layout-flow\">\n<div style=\"height:100px\" aria-hidden=\"true\" class=\"wp-block-spacer\"><\/div>\n\n\n\n<div class=\"inherit-container-width wp-block-group is-layout-constrained\">\n<p class=\"has-text-align-left\">Discutons-en \ud83d\udc4b N&rsquo;h\u00e9sitez pas \u00e0 nous contacter aux coordonn\u00e9es ci-apr\u00e8s ou envoyez-nous un message en remplissant le formulaire.<\/p>\n\n\n\n<div style=\"height:32px\" aria-hidden=\"true\" class=\"wp-block-spacer desktop-only\"><\/div>\n\n\n\n<div class=\"wp-block-columns alignwide has-2-columns is-layout-flex wp-container-3\">\n<div class=\"wp-block-column is-layout-flow\">\n<h2 class=\"wp-block-heading has-text-align-left\">Contactez-nous<\/h2>\n\n\n\n<div itemprop=\"location\" itemscope itemtype=\"http:\/\/schema.org\/Organization\" class=\"wp-block-jetpack-contact-info\">\n<div itemprop=\"address\" itemscope itemtype=\"http:\/\/schema.org\/PostalAddress\" class=\"wp-block-jetpack-address\" ><div itemprop=\"streetAddress\" class=\"jetpack-address__address jetpack-address__address1\">23 rue Villebois Mareuil<\/div><div><span itemprop=\"addressLocality\" class=\"jetpack-address__city\">Les Sables d&rsquo;Olonnes<\/span>, <span itemprop=\"addressRegion\" class=\"jetpack-address__region\"><\/span> <span itemprop=\"postalCode\" class=\"jetpack-address__postal\">85100<\/span><\/div><div itemprop=\"addressCountry\" class=\"jetpack-address__country\">France<\/div><\/div>\n\n\n\n<div class=\"wp-block-jetpack-email\"><a itemprop=\"email\" href=\"mailto:sh-gestion@orange.fr\">sh-gestion@orange.fr<\/a><\/div>\n\n\n\n<div class=\"wp-block-jetpack-phone\"><span itemprop=\"telephone\"><a href=\"tel:0680859199\">06 80 85 91 99<\/a><\/span><\/div>\n<\/div>\n<\/div>\n\n\n\n<div class=\"wp-block-column is-layout-flow\">\n<h2 class=\"wp-block-heading has-text-align-left\">Envoyez-nous un message<\/h2>\n\n\n<div class=\"wp-block-jetpack-contact-form is-style-default\"><a href=\"https:\/\/villas-du-port-de-la-guittiere.com\/index.php\/contact\/\" target=\"_blank\" rel=\"noopener noreferrer\">Soumettre un formulaire.<\/a><\/div><\/div>\n<\/div>\n<\/div>\n<\/div><\/div>\n","protected":false},"excerpt":{"rendered":"","protected":false},"author":1,"featured_media":0,"parent":0,"menu_order":5,"comment_status":"closed","ping_status":"closed","template":"","meta":{"ub_ctt_via":"","site-sidebar-layout":"default","site-content-layout":"default","ast-global-header-display":"","ast-banner-title-visibility":"","ast-main-header-display":"","ast-hfb-above-header-display":"","ast-hfb-below-header-display":"","ast-hfb-mobile-header-display":"","site-post-title":"","ast-breadcrumbs-content":"","ast-featured-img":"","footer-sml-layout":"","theme-transparent-header-meta":"","adv-header-id-meta":"","stick-header-meta":"","header-above-stick-meta":"","header-main-stick-meta":"","header-below-stick-meta":"","jetpack_post_was_ever_published":false},"featured_image_src":null,"jetpack_sharing_enabled":true,"jetpack_shortlink":"https:\/\/wp.me\/P9TMKQ-1v","_links":{"self":[{"href":"https:\/\/villas-du-port-de-la-guittiere.com\/index.php\/wp-json\/wp\/v2\/pages\/93"}],"collection":[{"href":"https:\/\/villas-du-port-de-la-guittiere.com\/index.php\/wp-json\/wp\/v2\/pages"}],"about":[{"href":"https:\/\/villas-du-port-de-la-guittiere.com\/index.php\/wp-json\/wp\/v2\/types\/page"}],"author":[{"embeddable":true,"href":"https:\/\/villas-du-port-de-la-guittiere.com\/index.php\/wp-json\/wp\/v2\/users\/1"}],"replies":[{"embeddable":true,"href":"https:\/\/villas-du-port-de-la-guittiere.com\/index.php\/wp-json\/wp\/v2\/comments?post=93"}],"version-history":[{"count":8,"href":"https:\/\/villas-du-port-de-la-guittiere.com\/index.php\/wp-json\/wp\/v2\/pages\/93\/revisions"}],"predecessor-version":[{"id":1027,"href":"https:\/\/villas-du-port-de-la-guittiere.com\/index.php\/wp-json\/wp\/v2\/pages\/93\/revisions\/1027"}],"wp:attachment":[{"href":"https:\/\/villas-du-port-de-la-guittiere.com\/index.php\/wp-json\/wp\/v2\/media?parent=93"}],"curies":[{"name":"wp","href":"https:\/\/api.w.org\/{rel}","templated":true}]}}