{"id":170,"date":"2023-05-09T23:29:35","date_gmt":"2023-05-09T21:29:35","guid":{"rendered":"https:\/\/lesvillasduportdelaguittiere.wordpress.com\/?page_id=48"},"modified":"2023-06-24T13:48:50","modified_gmt":"2023-06-24T11:48:50","slug":"tarifs","status":"publish","type":"page","link":"https:\/\/villas-du-port-de-la-guittiere.com\/index.php\/tarifs\/","title":{"rendered":"Tarifs"},"content":{"rendered":"\n<div class=\"wp-block-nk-awb nk-awb alignfull align nk-awb-ZyVEnD\" data-ghostkit-styles=\".nk-awb-ZyVEnD { padding-left: 0px; padding-right: 0px; }\"><div class=\"nk-awb-wrap\" data-awb-type=\"image\" data-awb-parallax=\"scroll-opacity\" data-awb-parallax-speed=\"0.5\" data-awb-parallax-mobile=\"false\" data-awb-image-background-size=\"fill\" data-awb-image-background-position=\"50% 50%\" data-awb-mouse-parallax=\"true\" data-awb-mouse-parallax-size=\"72\" data-awb-mouse-parallax-speed=\"10000\"><div class=\"nk-awb-inner\" style=\"opacity: 0.25;\"><img decoding=\"async\" loading=\"lazy\" src=\"https:\/\/villas-du-port-de-la-guittiere.com\/wp-content\/uploads\/2023\/06\/Design-sans-titre-2.png\" class=\"wp-image-1021 jarallax-img\" width=\"1080\" height=\"1920\" srcset=\"https:\/\/villas-du-port-de-la-guittiere.com\/wp-content\/uploads\/2023\/06\/Design-sans-titre-2.png 1080w, https:\/\/villas-du-port-de-la-guittiere.com\/wp-content\/uploads\/2023\/06\/Design-sans-titre-2-169x300.png 169w, https:\/\/villas-du-port-de-la-guittiere.com\/wp-content\/uploads\/2023\/06\/Design-sans-titre-2-900x1600.png 900w, https:\/\/villas-du-port-de-la-guittiere.com\/wp-content\/uploads\/2023\/06\/Design-sans-titre-2-768x1365.png 768w, https:\/\/villas-du-port-de-la-guittiere.com\/wp-content\/uploads\/2023\/06\/Design-sans-titre-2-500x889.png 500w, https:\/\/villas-du-port-de-la-guittiere.com\/wp-content\/uploads\/2023\/06\/Design-sans-titre-2-864x1536.png 864w, https:\/\/villas-du-port-de-la-guittiere.com\/wp-content\/uploads\/2023\/06\/Design-sans-titre-2-800x1422.png 800w\" sizes=\"(max-width: 1080px) 100vw, 1080px\" \/><\/div><\/div><div class=\"nk-awb-wrap-content is-layout-constrained\">\n<div style=\"height:100px\" aria-hidden=\"true\" class=\"wp-block-spacer\"><\/div>\n\n\n\n<div class=\"inherit-container-width wp-block-group is-layout-constrained\">\n<h1 class=\"wp-block-heading has-text-align-center\">Tous nos prix et prestations<\/h1>\n\n\n\n<div style=\"height:18px\" aria-hidden=\"true\" class=\"wp-block-spacer\"><\/div>\n\n\n\n<hr class=\"wp-block-separator has-alpha-channel-opacity\"\/>\n<\/div>\n\n\n\n<div class=\"inherit-container-width wp-block-group alignwide has-background is-layout-constrained wp-container-6\" style=\"background-color:#b56b3e29;margin-top:0px;margin-bottom:0px;padding-top:7vw;padding-bottom:7vw\">\n<div class=\"wp-block-columns is-not-stacked-on-mobile is-layout-flex wp-container-5\">\n<div class=\"wp-block-column is-vertically-aligned-top is-layout-flow\" style=\"flex-basis:40%\">\n<p class=\"has-text-align-right\">Prix 1 semaine<\/p>\n<\/div>\n\n\n\n<div class=\"wp-block-column is-vertically-aligned-top is-layout-constrained\" style=\"flex-basis:20%\">\n<label class=\"weekswitch\">\n  <input type=\"checkbox\" id=\"check\"\/>\n  <span class=\"slider\"><\/span>\n<\/label>\n<\/div>\n\n\n\n<div class=\"wp-block-column is-vertically-aligned-top is-layout-flow\" style=\"flex-basis:40%\">\n<p>Prix 2 semaines<\/p>\n<\/div>\n<\/div>\n\n\n\n<p class=\"has-text-align-center\"><\/p>\n\n\n\n<div class=\"background\">\n  <div class=\"container\">\n\n    <div class=\"panel pricing-table\">\n\n      <div class=\"pricing-plan\">\n        <img decoding=\"async\" src=\"\" alt=\"\" class=\"pricing-img\">\n        <h2 class=\"pricing-header\">Basse Saison<\/h2>\n        <span class=\"pricing-features\">\n          <div class=\"pricing-features-item\"><\/div>\n          <div class=\"pricing-features-item\">DU 01\/04 AU 30\/06<\/div>\n        <\/span>\n        <span class=\"pricing-price\"\n              id=\"pricing-pricea\">1485\u20ac<\/span>\n        <span class=\"pricing-price\" \n              id=\"pricing-price2a\"style=\"display: none\">\n             <span>2673\u20ac<\/span> \n             <br> <span class=\"discount\">-10%<\/span>\n        <\/span>\n      <\/div>\n      \n      <div class=\"pricing-plan\">\n        <img decoding=\"async\" src=\"\" alt=\"\" class=\"pricing-img\">\n        <h2 class=\"pricing-header\">Haute Saison<\/h2>\n        <span class=\"pricing-features\">\n          <div class=\"pricing-features-item\"><\/div>\n            <div class=\"pricing-features-item\">DU 01\/07 AU 25\/08<\/div>\n        <\/span>\n        <span class=\"pricing-price\"\n              id=\"pricing-priceb\">1815\u20ac<\/span>\n                      \n           <span class=\"pricing-price\" \n              id=\"pricing-price2b\"style=\"display: none\">\n              <span>3267\u20ac<\/span>\n                <br> <span class=\"discount\">-10%<\/span>\n         <\/span>\n       <\/div>\n      \n      <div class=\"pricing-plan\">\n        <img decoding=\"async\" src=\"\" alt=\"\" class=\"pricing-img\">\n        <h2 class=\"pricing-header\">Basse Saison<\/h2>\n        <span class=\"pricing-features\">\n          <div class=\"pricing-features-item\"><\/div>\n          <div class=\"pricing-features-item\">DU 26\/08 AU 30\/09<\/div>\n        <\/span>\n        <span class=\"pricing-price\" \n              id=\"pricing-pricec\">1485\u20ac\n        <\/span>\n        <span class=\"pricing-price\" \n              id=\"pricing-price2c\"style=\"display: none\"><span>2673\u20ac<\/span>\n        <br> <span class=\"discount\">-10%<\/span>\n    <\/span>\n      <\/div>\n     \n   <\/div>\n   <span class=\"pricing-features\">\n      <div class=\"pricing-features-item\">taxe de s\u00e9jour = 1.25\u20ac par adulte et par nuit &#8211; caution = 1000\u20ac<\/div>\n       <\/span>   \n <\/div>\n<\/div>\n<\/div>\n\n\n\n<div class=\"inherit-container-width wp-block-group alignwide has-white-color has-text-color has-link-color wp-elements-f5f202645b1f7804677171782b8b92ed is-layout-constrained\" style=\"margin-top:0px;margin-bottom:0px;padding-top:6.9vw;padding-bottom:7vw\">\n<div class=\"wp-block-columns alignwide has-foreground-color has-text-color has-background is-layout-flex wp-container-21\" style=\"background-color:#b56b3e85\">\n<div class=\"wp-block-column has-primary-color has-text-color is-layout-constrained\" style=\"border-width:19px;flex-basis:26.2%\">\n<div style=\"height:347px\" aria-hidden=\"true\" class=\"wp-block-spacer\"><\/div>\n\n\n\n<h2 class=\"wp-block-heading has-foreground-color has-text-color\" id=\"1-prestations-\" style=\"font-size:36px\"><span class=\"uppercase\">Prestations<\/span><\/h2>\n\n\n\n<div style=\"height:289px\" aria-hidden=\"true\" class=\"wp-block-spacer\"><\/div>\n<\/div>\n\n\n\n<div class=\"wp-block-column is-layout-flow\" style=\"flex-basis:80%\">\n<div class=\"wp-block-columns is-layout-flex wp-container-14\">\n<div class=\"wp-block-column is-layout-flow\">\n<figure class=\"wp-block-gallery has-nested-images columns-default is-cropped wp-block-gallery-8 is-layout-flex\">\n<figure class=\"wp-block-image size-full\"><img decoding=\"async\" loading=\"lazy\" width=\"1200\" height=\"799\" src=\"https:\/\/villas-du-port-de-la-guittiere.com\/wp-content\/uploads\/2023\/05\/towel-509543.jpg\" alt=\"\" class=\"wp-image-222\" srcset=\"https:\/\/villas-du-port-de-la-guittiere.com\/wp-content\/uploads\/2023\/05\/towel-509543.jpg 1200w, https:\/\/villas-du-port-de-la-guittiere.com\/wp-content\/uploads\/2023\/05\/towel-509543-300x200.jpg 300w, https:\/\/villas-du-port-de-la-guittiere.com\/wp-content\/uploads\/2023\/05\/towel-509543-768x511.jpg 768w, https:\/\/villas-du-port-de-la-guittiere.com\/wp-content\/uploads\/2023\/05\/towel-509543-500x333.jpg 500w\" sizes=\"(max-width: 1200px) 100vw, 1200px\" \/><\/figure>\n<\/figure>\n\n\n\n<h4 class=\"wp-block-heading has-ast-global-color-3-color has-text-color has-large-font-size\" id=\"2-draps-et-linge-de-maison\">Draps et linge de maison<\/h4>\n\n\n\n<p class=\"has-medium-font-size\">Set de linge complet fournis et renouvelable \u00e0 la semaine<\/p>\n<\/div>\n\n\n\n<div class=\"wp-block-column is-layout-flow\">\n<figure class=\"wp-block-gallery has-nested-images columns-default is-cropped wp-block-gallery-11 is-layout-flex\">\n<figure class=\"wp-block-image size-full\"><img decoding=\"async\" loading=\"lazy\" width=\"1200\" height=\"800\" src=\"https:\/\/villas-du-port-de-la-guittiere.com\/wp-content\/uploads\/2023\/05\/vacuum_cleaner_carpet_cleaner_housework_housekeeping_appliance_electrical_chores_domestic-750490.jpg\" alt=\"\" class=\"wp-image-223\" srcset=\"https:\/\/villas-du-port-de-la-guittiere.com\/wp-content\/uploads\/2023\/05\/vacuum_cleaner_carpet_cleaner_housework_housekeeping_appliance_electrical_chores_domestic-750490.jpg 1200w, https:\/\/villas-du-port-de-la-guittiere.com\/wp-content\/uploads\/2023\/05\/vacuum_cleaner_carpet_cleaner_housework_housekeeping_appliance_electrical_chores_domestic-750490-300x200.jpg 300w, https:\/\/villas-du-port-de-la-guittiere.com\/wp-content\/uploads\/2023\/05\/vacuum_cleaner_carpet_cleaner_housework_housekeeping_appliance_electrical_chores_domestic-750490-768x512.jpg 768w, https:\/\/villas-du-port-de-la-guittiere.com\/wp-content\/uploads\/2023\/05\/vacuum_cleaner_carpet_cleaner_housework_housekeeping_appliance_electrical_chores_domestic-750490-500x333.jpg 500w\" sizes=\"(max-width: 1200px) 100vw, 1200px\" \/><\/figure>\n<\/figure>\n\n\n\n<h4 class=\"wp-block-heading has-ast-global-color-3-color has-text-color has-large-font-size\" id=\"3-m%C3%A9nage\">M\u00e9nage<\/h4>\n\n\n\n<p class=\"has-medium-font-size\">Propos\u00e9 de fa\u00e7on hebdomadaire, il est inclus dans le prix<\/p>\n<\/div>\n<\/div>\n\n\n\n<div class=\"wp-block-columns is-layout-flex wp-container-19\">\n<div class=\"wp-block-column is-layout-flow\">\n<figure class=\"wp-block-image size-large\"><img decoding=\"async\" src=\"https:\/\/a8ctm1.files.wordpress.com\/2020\/01\/bench-accounting-c3v88boorom-unsplash.jpg?w=750\" alt=\"\" class=\"wp-image-819\"\/><\/figure>\n\n\n\n<h4 class=\"wp-block-heading has-ast-global-color-3-color has-text-color has-large-font-size\" id=\"4-accueil-personnalis%C3%A9\">Accueil personnalis\u00e9<\/h4>\n\n\n\n<p class=\"has-medium-font-size\">Grands amateurs de la Vend\u00e9e, nous aurons toujours le plaisir \u00e0 vous accueillir et vous donner des pistes pour profiter au mieux de notre belle r\u00e9gion. <\/p>\n<\/div>\n\n\n\n<div class=\"wp-block-column is-layout-flow\">\n<figure class=\"wp-block-gallery has-nested-images columns-default is-cropped wp-block-gallery-16 is-layout-flex\">\n<figure class=\"wp-block-image size-full\"><img decoding=\"async\" loading=\"lazy\" width=\"1200\" height=\"800\" src=\"https:\/\/villas-du-port-de-la-guittiere.com\/wp-content\/uploads\/2023\/05\/man_daughter_scene_girl_lady_sister_brother_uncle-707807.jpg\" alt=\"\" class=\"wp-image-224\" srcset=\"https:\/\/villas-du-port-de-la-guittiere.com\/wp-content\/uploads\/2023\/05\/man_daughter_scene_girl_lady_sister_brother_uncle-707807.jpg 1200w, https:\/\/villas-du-port-de-la-guittiere.com\/wp-content\/uploads\/2023\/05\/man_daughter_scene_girl_lady_sister_brother_uncle-707807-300x200.jpg 300w, https:\/\/villas-du-port-de-la-guittiere.com\/wp-content\/uploads\/2023\/05\/man_daughter_scene_girl_lady_sister_brother_uncle-707807-768x512.jpg 768w, https:\/\/villas-du-port-de-la-guittiere.com\/wp-content\/uploads\/2023\/05\/man_daughter_scene_girl_lady_sister_brother_uncle-707807-500x333.jpg 500w\" sizes=\"(max-width: 1200px) 100vw, 1200px\" \/><\/figure>\n<\/figure>\n\n\n\n<h4 class=\"wp-block-heading has-ast-global-color-3-color has-text-color has-large-font-size\" id=\"5-mat%C3%A9riel-enfant-\">Mat\u00e9riel enfant <\/h4>\n\n\n\n<p class=\"has-medium-font-size\">Lit b\u00e9b\u00e9, si\u00e8ge de table, table \u00e0 langer. Votre petit bout est lui aussi \u00e0 ses aises !<\/p>\n<\/div>\n<\/div>\n<\/div>\n<\/div>\n<\/div>\n\n\n\n<div class=\"inherit-container-width wp-block-group alignwide has-white-color has-text-color has-background is-layout-constrained\" style=\"background-color:#b56b3e;margin-top:0px;margin-bottom:0px;padding-top:7vw;padding-bottom:7vw\">\n<div class=\"wp-block-columns alignwide is-layout-flex wp-container-26\">\n<div class=\"wp-block-column is-layout-flow\" style=\"flex-basis:0%\"><\/div>\n\n\n\n<div class=\"wp-block-column is-layout-constrained\" style=\"flex-basis:99%\">\n<h2 class=\"wp-block-heading has-text-align-center has-x-large-font-size\" id=\"6-on-parie-que-vous-allez-passer-de-bonnes-vacances-\">On parie que vous allez passer de bonnes vacances ?<\/h2>\n\n\n\n<div style=\"height:53px\" aria-hidden=\"true\" class=\"wp-block-spacer\"><\/div>\n\n\n\n<div class=\"wp-block-buttons buttonalign is-horizontal is-content-justification-space-between is-nowrap is-layout-flex wp-container-24\">\n<div class=\"wp-block-button buttonalign\"><a class=\"wp-block-button__link has-black-color has-white-background-color has-text-color has-background wp-element-button\" href=\"https:\/\/villas-du-port-de-la-guittiere.com\/index.php\/contact\/\" rel=\"#\">R\u00e9server<\/a><\/div>\n\n\n\n<div class=\"wp-block-button buttonalign\"><a class=\"wp-block-button__link has-black-color has-white-background-color has-text-color has-background wp-element-button\" href=\"https:\/\/villas-du-port-de-la-guittiere.com\/index.php\/nos-villas-dans-le-detail-v2\/\">En savoir plus<\/a><\/div>\n\n\n\n<div class=\"wp-block-button buttonalign\"><a class=\"wp-block-button__link has-black-color has-white-background-color has-text-color has-background wp-element-button\" href=\"https:\/\/villas-du-port-de-la-guittiere.com\/index.php\/la-vendee-terre-daventure\/\" rel=\"#\">Activit\u00e9s<\/a><\/div>\n<\/div>\n<\/div>\n<\/div>\n<\/div>\n<\/div><\/div>\n","protected":false},"excerpt":{"rendered":"","protected":false},"author":1,"featured_media":0,"parent":0,"menu_order":3,"comment_status":"closed","ping_status":"closed","template":"","meta":{"ub_ctt_via":"","site-sidebar-layout":"default","site-content-layout":"default","ast-global-header-display":"","ast-banner-title-visibility":"","ast-main-header-display":"","ast-hfb-above-header-display":"","ast-hfb-below-header-display":"","ast-hfb-mobile-header-display":"","site-post-title":"","ast-breadcrumbs-content":"","ast-featured-img":"","footer-sml-layout":"","theme-transparent-header-meta":"","adv-header-id-meta":"","stick-header-meta":"","header-above-stick-meta":"","header-main-stick-meta":"","header-below-stick-meta":"","jetpack_post_was_ever_published":true},"featured_image_src":null,"jetpack_sharing_enabled":true,"jetpack_shortlink":"https:\/\/wp.me\/P9TMKQ-2K","_links":{"self":[{"href":"https:\/\/villas-du-port-de-la-guittiere.com\/index.php\/wp-json\/wp\/v2\/pages\/170"}],"collection":[{"href":"https:\/\/villas-du-port-de-la-guittiere.com\/index.php\/wp-json\/wp\/v2\/pages"}],"about":[{"href":"https:\/\/villas-du-port-de-la-guittiere.com\/index.php\/wp-json\/wp\/v2\/types\/page"}],"author":[{"embeddable":true,"href":"https:\/\/villas-du-port-de-la-guittiere.com\/index.php\/wp-json\/wp\/v2\/users\/1"}],"replies":[{"embeddable":true,"href":"https:\/\/villas-du-port-de-la-guittiere.com\/index.php\/wp-json\/wp\/v2\/comments?post=170"}],"version-history":[{"count":171,"href":"https:\/\/villas-du-port-de-la-guittiere.com\/index.php\/wp-json\/wp\/v2\/pages\/170\/revisions"}],"predecessor-version":[{"id":1066,"href":"https:\/\/villas-du-port-de-la-guittiere.com\/index.php\/wp-json\/wp\/v2\/pages\/170\/revisions\/1066"}],"wp:attachment":[{"href":"https:\/\/villas-du-port-de-la-guittiere.com\/index.php\/wp-json\/wp\/v2\/media?parent=170"}],"curies":[{"name":"wp","href":"https:\/\/api.w.org\/{rel}","templated":true}]}}